{"id":21397,"date":"2025-09-02T15:39:31","date_gmt":"2025-09-02T13:39:31","guid":{"rendered":"https:\/\/www.kowi-salzburg.at\/study\/completion-of-the-masters-programme\/"},"modified":"2025-09-03T07:32:11","modified_gmt":"2025-09-03T05:32:11","slug":"completion-of-the-masters-programme","status":"publish","type":"page","link":"https:\/\/www.kowi-salzburg.at\/en\/study\/completion-of-the-masters-programme\/","title":{"rendered":"Completion of the Master&#8217;s Programme"},"content":{"rendered":"<div class=\"wpb-content-wrapper\"><p>[vc_row][vc_column]<div class=\"gap\" style=\"line-height: 40px; height: 40px;\"><\/div>[vc_single_image image=&#8221;12668&#8243; img_size=&#8221;large&#8221; alignment=&#8221;center&#8221; css=&#8221;&#8221;]<div class=\"gap\" style=\"line-height: 20px; height: 20px;\"><\/div>[vc_column_text css=&#8221;&#8221;]<\/p>\n<h2 data-start=\"425\" data-end=\"497\">Abschluss des Masterstudiums \u201eKommunikation, Kultur &amp; Partizipation\u201c<\/h2>\n<p>Das Masterstudium ist abgeschlossen, sobald <strong data-start=\"541\" data-end=\"659\">alle Module, das Querschnittsmodul, die Freien Wahlf\u00e4cher, die Masterarbeit sowie die kommissionelle Masterpr\u00fcfung<\/strong> positiv absolviert sind.<\/p>\n<h3 data-start=\"811\" data-end=\"857\"><strong data-start=\"811\" data-end=\"855\">Schritt f\u00fcr Schritt zum Masterabschluss:<\/strong><\/h3>\n<h4 data-start=\"811\" data-end=\"857\"><strong data-start=\"862\" data-end=\"902\">1. Alle Module &amp; Wahlf\u00e4cher absolvieren<\/strong><\/h4>\n<ul>\n<li data-start=\"910\" data-end=\"1008\">Positive Absolvierung der Module 1-6 sowie des Querschnittsmoduls zu sozial-\u00f6kologischen Krisen.<\/li>\n<li data-start=\"1014\" data-end=\"1176\">Zus\u00e4tzlich m\u00fcssen 6 ECTS an Freien Wahlf\u00e4chern anerkannt sein.<br data-start=\"1076\" data-end=\"1079\" \/><a href=\"https:\/\/www.kowi-salzburg.at\/studium\/anrechnungen\/\">&#x26a0;&#xfe0f; <em data-start=\"1085\" data-end=\"1174\">Wichtig: Anerkennung der Freien Wahlf\u00e4cher unbedingt vorab beantragen!<\/em><\/a><\/li>\n<\/ul>\n<h4 data-start=\"1014\" data-end=\"1176\"><strong data-start=\"1181\" data-end=\"1222\">2. Masterarbeit verfassen und einreichen<\/strong><\/h4>\n<ul>\n<li data-start=\"1230\" data-end=\"1333\">Die Masterarbeit (20 ECTS) muss\/kann in der gew\u00e4hlten Spezialisierung erstellt und positiv benotet werden.<\/li>\n<\/ul>\n<h4><strong data-start=\"1338\" data-end=\"1378\">3. Kommissionelle Masterpr\u00fcfung ablegen<\/strong><\/h4>\n<ul>\n<li data-start=\"1384\" data-end=\"1478\">\n<p data-start=\"1386\" data-end=\"1478\">Zulassung nur nach erfolgreichem Abschluss aller Lehrveranstaltungen und der Masterarbeit.<\/p>\n<\/li>\n<li data-start=\"1482\" data-end=\"1700\">\n<p data-start=\"1484\" data-end=\"1506\">Die Pr\u00fcfung umfasst:<\/p>\n<ul data-start=\"1512\" data-end=\"1700\">\n<li data-start=\"1512\" data-end=\"1551\">\n<p data-start=\"1514\" data-end=\"1551\">eine Pr\u00e4sentation der Masterarbeit,<\/p>\n<\/li>\n<li data-start=\"1557\" data-end=\"1608\">\n<p data-start=\"1559\" data-end=\"1608\">Fragen zur Arbeit durch die Pr\u00fcfungskommission,<\/p>\n<\/li>\n<li data-start=\"1614\" data-end=\"1700\">\n<p data-start=\"1616\" data-end=\"1700\">Fragen zu einem weiteren, selbst vorgeschlagenen Themenbereich aus dem <a href=\"https:\/\/www.kowi-salzburg.at\/wp-content\/uploads\/2025\/09\/curricullumMAneu.pdf\" target=\"_blank\" rel=\"noopener\">Curriculum<\/a><\/p>\n<\/li>\n<\/ul>\n<\/li>\n<\/ul>\n<h4 data-start=\"1705\" data-end=\"1745\"><strong data-start=\"1705\" data-end=\"1743\">4.\u00a0<\/strong><a style=\"color: #005177; outline: 0px; text-decoration-line: none;\" href=\"https:\/\/www.kowi-salzburg.at\/wp-content\/uploads\/2025\/09\/Pruefungspass-Masterstudium-Kommunikation-Kultur-Partizipation-Version-2024-PDF.pdf\" target=\"_blank\" rel=\"noopener\">Pr\u00fcfungspass<\/a> <strong data-start=\"1705\" data-end=\"1743\">ausf\u00fcllen und abgeben<\/strong><\/h4>\n<ul data-start=\"1749\" data-end=\"2036\">\n<li data-start=\"1749\" data-end=\"1865\">\n<p data-start=\"1751\" data-end=\"1865\">Tragen Sie alle absolvierten Module, Wahlf\u00e4cher, die Masterarbeit und die Masterpr\u00fcfung in den Pr\u00fcfungspass ein.<\/p>\n<\/li>\n<li data-start=\"1869\" data-end=\"2036\">\n<p data-start=\"1871\" data-end=\"2036\">Abgabe pers\u00f6nlich oder per Mail im <a href=\"https:\/\/www.plus.ac.at\/gesellschaftswissenschaftliche-fakultaet\/oeffnungszeiten-kontakt-standort\/pruefungsreferat\/\" target=\"_blank\" rel=\"noopener\">Pr\u00fcfungsreferat der Kultur- und Gesellschaftswissenschaftlichen Fakult\u00e4t<\/a>\u00a0(Unipark Nonntal, Erzabt-Klotz-Stra\u00dfe 1).<\/p>\n<\/li>\n<\/ul>\n<h4 data-start=\"2041\" data-end=\"2076\"><strong data-start=\"2041\" data-end=\"2074\">5. Statistikformular \u00fcbermitteln<\/strong><\/h4>\n<ul data-start=\"2080\" data-end=\"2363\">\n<li data-start=\"2080\" data-end=\"2191\">\n<p data-start=\"2082\" data-end=\"2191\">Nach erfolgreichem Abschluss erhalten Sie vom Pr\u00fcfungsreferat eine E-Mail an Ihre Studierenden-Mailadresse.<\/p>\n<\/li>\n<li data-start=\"2195\" data-end=\"2363\">\n<p data-start=\"2197\" data-end=\"2363\">Bitte senden Sie das verpflichtende <strong data-start=\"2233\" data-end=\"2260\">Statistikformular (PDF)<\/strong> umgehend an:<br data-start=\"2273\" data-end=\"2276\" \/>&#x1f4e7; <a class=\"decorated-link cursor-pointer\" href=\"mailto:KW-GW-Pruefungsreferat@plus.ac.at\" target=\"_blank\" rel=\"noopener\" data-start=\"2284\" data-end=\"2361\">KW-GW-Pruefungsreferat@plus.ac.at<\/a><\/p>\n<\/li>\n<\/ul>\n<h4 data-start=\"2368\" data-end=\"2403\"><strong data-start=\"2368\" data-end=\"2401\">6. Erhalt der Abschlussdokumente<\/strong><\/h4>\n<ul data-start=\"2407\" data-end=\"2618\">\n<li data-start=\"2407\" data-end=\"2618\">\n<p data-start=\"2409\" data-end=\"2618\">Erst nach Eingang des Statistikformulars stellt das Pr\u00fcfungsreferat die <strong data-start=\"2481\" data-end=\"2518\">amtssignierten Abschlussdokumente<\/strong> (Abschlusszeugnis, Verleihungsbescheid, Diploma Supplement) aus und \u00fcbermittelt diese per E-Mail.<\/p>\n<\/li>\n<\/ul>\n<p>[\/vc_column_text]<div class=\"gap\" style=\"line-height: 20px; height: 20px;\"><\/div>[vc_column_text css=&#8221;&#8221;]<\/p>\n<h3>Noch Fragen?<\/h3>\n<p>&#x1f449; Schreib uns einfach: <a class=\"decorated-link cursor-pointer\" href=\"mailto:mail.kowi@plus.ac.at\" target=\"_blank\" rel=\"noopener\" data-start=\"242\" data-end=\"293\">mail.kowi@plus.ac.at<\/a>[\/vc_column_text][\/vc_column][\/vc_row]<\/p>\n<\/div>","protected":false},"excerpt":{"rendered":"<p>[vc_row][vc_column][vc_single_image image=&#8221;12668&#8243; img_size=&#8221;large&#8221; alignment=&#8221;center&#8221; css=&#8221;&#8221;][vc_column_text css=&#8221;&#8221;] Abschluss des Masterstudiums \u201eKommunikation, Kultur &amp; Partizipation\u201c Das Masterstudium ist abgeschlossen, sobald alle Module, das Querschnittsmodul, die Freien Wahlf\u00e4cher, die Masterarbeit sowie die kommissionelle Masterpr\u00fcfung positiv absolviert sind. Schritt f\u00fcr Schritt zum Masterabschluss: 1. Alle Module &amp; Wahlf\u00e4cher absolvieren Positive Absolvierung der Module 1-6 sowie des Querschnittsmoduls zu sozial-\u00f6kologischen&hellip;<\/p>\n","protected":false},"author":64,"featured_media":0,"parent":14563,"menu_order":0,"comment_status":"closed","ping_status":"closed","template":"","meta":{"footnotes":""},"class_list":["post-21397","page","type-page","status-publish","hentry","description-off"],"yoast_head":"<!-- This site is optimized with the Yoast SEO plugin v27.4 - https:\/\/yoast.com\/product\/yoast-seo-wordpress\/ -->\n<title>Completion of the Master&#039;s Programme - KoWi Salzburg<\/title>\n<meta name=\"robots\" content=\"index, follow, max-snippet:-1, max-image-preview:large, max-video-preview:-1\" \/>\n<link rel=\"canonical\" href=\"https:\/\/www.kowi-salzburg.at\/en\/study\/completion-of-the-masters-programme\/\" \/>\n<meta property=\"og:locale\" content=\"en_US\" \/>\n<meta property=\"og:type\" content=\"article\" \/>\n<meta property=\"og:title\" content=\"Completion of the Master&#039;s Programme - KoWi Salzburg\" \/>\n<meta property=\"og:description\" content=\"[vc_row][vc_column][vc_single_image image=&#8221;12668&#8243; img_size=&#8221;large&#8221; alignment=&#8221;center&#8221; css=&#8221;&#8221;][vc_column_text css=&#8221;&#8221;] Abschluss des Masterstudiums \u201eKommunikation, Kultur &amp; Partizipation\u201c Das Masterstudium ist abgeschlossen, sobald alle Module, das Querschnittsmodul, die Freien Wahlf\u00e4cher, die Masterarbeit sowie die kommissionelle Masterpr\u00fcfung positiv absolviert sind. Schritt f\u00fcr Schritt zum Masterabschluss: 1. Alle Module &amp; Wahlf\u00e4cher absolvieren Positive Absolvierung der Module 1-6 sowie des Querschnittsmoduls zu sozial-\u00f6kologischen&hellip;\" \/>\n<meta property=\"og:url\" content=\"https:\/\/www.kowi-salzburg.at\/en\/study\/completion-of-the-masters-programme\/\" \/>\n<meta property=\"og:site_name\" content=\"KoWi Salzburg\" \/>\n<meta property=\"article:modified_time\" content=\"2025-09-03T05:32:11+00:00\" \/>\n<meta name=\"twitter:card\" content=\"summary_large_image\" \/>\n<meta name=\"twitter:site\" content=\"@kow_salzburg\" \/>\n<meta name=\"twitter:label1\" content=\"Est. reading time\" \/>\n\t<meta name=\"twitter:data1\" content=\"1 minute\" \/>\n<script type=\"application\/ld+json\" class=\"yoast-schema-graph\">{\"@context\":\"https:\\\/\\\/schema.org\",\"@graph\":[{\"@type\":\"WebPage\",\"@id\":\"https:\\\/\\\/www.kowi-salzburg.at\\\/en\\\/study\\\/completion-of-the-masters-programme\\\/\",\"url\":\"https:\\\/\\\/www.kowi-salzburg.at\\\/en\\\/study\\\/completion-of-the-masters-programme\\\/\",\"name\":\"Completion of the Master's Programme - KoWi Salzburg\",\"isPartOf\":{\"@id\":\"https:\\\/\\\/www.kowi-salzburg.at\\\/en\\\/#website\"},\"datePublished\":\"2025-09-02T13:39:31+00:00\",\"dateModified\":\"2025-09-03T05:32:11+00:00\",\"breadcrumb\":{\"@id\":\"https:\\\/\\\/www.kowi-salzburg.at\\\/en\\\/study\\\/completion-of-the-masters-programme\\\/#breadcrumb\"},\"inLanguage\":\"en-US\",\"potentialAction\":[{\"@type\":\"ReadAction\",\"target\":[\"https:\\\/\\\/www.kowi-salzburg.at\\\/en\\\/study\\\/completion-of-the-masters-programme\\\/\"]}]},{\"@type\":\"BreadcrumbList\",\"@id\":\"https:\\\/\\\/www.kowi-salzburg.at\\\/en\\\/study\\\/completion-of-the-masters-programme\\\/#breadcrumb\",\"itemListElement\":[{\"@type\":\"ListItem\",\"position\":1,\"name\":\"Startseite\",\"item\":\"https:\\\/\\\/www.kowi-salzburg.at\\\/en\\\/\"},{\"@type\":\"ListItem\",\"position\":2,\"name\":\"STUDY\",\"item\":\"https:\\\/\\\/www.kowi-salzburg.at\\\/en\\\/study\\\/\"},{\"@type\":\"ListItem\",\"position\":3,\"name\":\"Completion of the Master&#8217;s Programme\"}]},{\"@type\":\"WebSite\",\"@id\":\"https:\\\/\\\/www.kowi-salzburg.at\\\/en\\\/#website\",\"url\":\"https:\\\/\\\/www.kowi-salzburg.at\\\/en\\\/\",\"name\":\"KoWi Salzburg\",\"description\":\"FB Kommunikationswissenschaften Universit\u00e4t Salzburg\",\"publisher\":{\"@id\":\"https:\\\/\\\/www.kowi-salzburg.at\\\/en\\\/#organization\"},\"potentialAction\":[{\"@type\":\"SearchAction\",\"target\":{\"@type\":\"EntryPoint\",\"urlTemplate\":\"https:\\\/\\\/www.kowi-salzburg.at\\\/en\\\/?s={search_term_string}\"},\"query-input\":{\"@type\":\"PropertyValueSpecification\",\"valueRequired\":true,\"valueName\":\"search_term_string\"}}],\"inLanguage\":\"en-US\"},{\"@type\":\"Organization\",\"@id\":\"https:\\\/\\\/www.kowi-salzburg.at\\\/en\\\/#organization\",\"name\":\"KoWi Salzburg\",\"url\":\"https:\\\/\\\/www.kowi-salzburg.at\\\/en\\\/\",\"logo\":{\"@type\":\"ImageObject\",\"inLanguage\":\"en-US\",\"@id\":\"https:\\\/\\\/www.kowi-salzburg.at\\\/en\\\/#\\\/schema\\\/logo\\\/image\\\/\",\"url\":\"https:\\\/\\\/www.kowi-salzburg.at\\\/wp-content\\\/uploads\\\/2023\\\/07\\\/PLUS-Logo-Farbe-gross.png\",\"contentUrl\":\"https:\\\/\\\/www.kowi-salzburg.at\\\/wp-content\\\/uploads\\\/2023\\\/07\\\/PLUS-Logo-Farbe-gross.png\",\"width\":1417,\"height\":708,\"caption\":\"KoWi Salzburg\"},\"image\":{\"@id\":\"https:\\\/\\\/www.kowi-salzburg.at\\\/en\\\/#\\\/schema\\\/logo\\\/image\\\/\"},\"sameAs\":[\"https:\\\/\\\/x.com\\\/kow_salzburg\",\"https:\\\/\\\/instagram.com\\\/kowi_salzburg\"]}]}<\/script>\n<!-- \/ Yoast SEO plugin. -->","yoast_head_json":{"title":"Completion of the Master's Programme - KoWi Salzburg","robots":{"index":"index","follow":"follow","max-snippet":"max-snippet:-1","max-image-preview":"max-image-preview:large","max-video-preview":"max-video-preview:-1"},"canonical":"https:\/\/www.kowi-salzburg.at\/en\/study\/completion-of-the-masters-programme\/","og_locale":"en_US","og_type":"article","og_title":"Completion of the Master's Programme - KoWi Salzburg","og_description":"[vc_row][vc_column][vc_single_image image=&#8221;12668&#8243; img_size=&#8221;large&#8221; alignment=&#8221;center&#8221; css=&#8221;&#8221;][vc_column_text css=&#8221;&#8221;] Abschluss des Masterstudiums \u201eKommunikation, Kultur &amp; Partizipation\u201c Das Masterstudium ist abgeschlossen, sobald alle Module, das Querschnittsmodul, die Freien Wahlf\u00e4cher, die Masterarbeit sowie die kommissionelle Masterpr\u00fcfung positiv absolviert sind. Schritt f\u00fcr Schritt zum Masterabschluss: 1. Alle Module &amp; Wahlf\u00e4cher absolvieren Positive Absolvierung der Module 1-6 sowie des Querschnittsmoduls zu sozial-\u00f6kologischen&hellip;","og_url":"https:\/\/www.kowi-salzburg.at\/en\/study\/completion-of-the-masters-programme\/","og_site_name":"KoWi Salzburg","article_modified_time":"2025-09-03T05:32:11+00:00","twitter_card":"summary_large_image","twitter_site":"@kow_salzburg","twitter_misc":{"Est. reading time":"1 minute"},"schema":{"@context":"https:\/\/schema.org","@graph":[{"@type":"WebPage","@id":"https:\/\/www.kowi-salzburg.at\/en\/study\/completion-of-the-masters-programme\/","url":"https:\/\/www.kowi-salzburg.at\/en\/study\/completion-of-the-masters-programme\/","name":"Completion of the Master's Programme - KoWi Salzburg","isPartOf":{"@id":"https:\/\/www.kowi-salzburg.at\/en\/#website"},"datePublished":"2025-09-02T13:39:31+00:00","dateModified":"2025-09-03T05:32:11+00:00","breadcrumb":{"@id":"https:\/\/www.kowi-salzburg.at\/en\/study\/completion-of-the-masters-programme\/#breadcrumb"},"inLanguage":"en-US","potentialAction":[{"@type":"ReadAction","target":["https:\/\/www.kowi-salzburg.at\/en\/study\/completion-of-the-masters-programme\/"]}]},{"@type":"BreadcrumbList","@id":"https:\/\/www.kowi-salzburg.at\/en\/study\/completion-of-the-masters-programme\/#breadcrumb","itemListElement":[{"@type":"ListItem","position":1,"name":"Startseite","item":"https:\/\/www.kowi-salzburg.at\/en\/"},{"@type":"ListItem","position":2,"name":"STUDY","item":"https:\/\/www.kowi-salzburg.at\/en\/study\/"},{"@type":"ListItem","position":3,"name":"Completion of the Master&#8217;s Programme"}]},{"@type":"WebSite","@id":"https:\/\/www.kowi-salzburg.at\/en\/#website","url":"https:\/\/www.kowi-salzburg.at\/en\/","name":"KoWi Salzburg","description":"FB Kommunikationswissenschaften Universit\u00e4t Salzburg","publisher":{"@id":"https:\/\/www.kowi-salzburg.at\/en\/#organization"},"potentialAction":[{"@type":"SearchAction","target":{"@type":"EntryPoint","urlTemplate":"https:\/\/www.kowi-salzburg.at\/en\/?s={search_term_string}"},"query-input":{"@type":"PropertyValueSpecification","valueRequired":true,"valueName":"search_term_string"}}],"inLanguage":"en-US"},{"@type":"Organization","@id":"https:\/\/www.kowi-salzburg.at\/en\/#organization","name":"KoWi Salzburg","url":"https:\/\/www.kowi-salzburg.at\/en\/","logo":{"@type":"ImageObject","inLanguage":"en-US","@id":"https:\/\/www.kowi-salzburg.at\/en\/#\/schema\/logo\/image\/","url":"https:\/\/www.kowi-salzburg.at\/wp-content\/uploads\/2023\/07\/PLUS-Logo-Farbe-gross.png","contentUrl":"https:\/\/www.kowi-salzburg.at\/wp-content\/uploads\/2023\/07\/PLUS-Logo-Farbe-gross.png","width":1417,"height":708,"caption":"KoWi Salzburg"},"image":{"@id":"https:\/\/www.kowi-salzburg.at\/en\/#\/schema\/logo\/image\/"},"sameAs":["https:\/\/x.com\/kow_salzburg","https:\/\/instagram.com\/kowi_salzburg"]}]}},"publishpress_future_action":{"enabled":false,"date":"2026-05-09 00:40:36","action":"change-status","newStatus":"draft","terms":[],"taxonomy":"translation_priority","extraData":[]},"publishpress_future_workflow_manual_trigger":{"enabledWorkflows":[]},"_links":{"self":[{"href":"https:\/\/www.kowi-salzburg.at\/en\/wp-json\/wp\/v2\/pages\/21397","targetHints":{"allow":["GET"]}}],"collection":[{"href":"https:\/\/www.kowi-salzburg.at\/en\/wp-json\/wp\/v2\/pages"}],"about":[{"href":"https:\/\/www.kowi-salzburg.at\/en\/wp-json\/wp\/v2\/types\/page"}],"author":[{"embeddable":true,"href":"https:\/\/www.kowi-salzburg.at\/en\/wp-json\/wp\/v2\/users\/64"}],"replies":[{"embeddable":true,"href":"https:\/\/www.kowi-salzburg.at\/en\/wp-json\/wp\/v2\/comments?post=21397"}],"version-history":[{"count":2,"href":"https:\/\/www.kowi-salzburg.at\/en\/wp-json\/wp\/v2\/pages\/21397\/revisions"}],"predecessor-version":[{"id":21399,"href":"https:\/\/www.kowi-salzburg.at\/en\/wp-json\/wp\/v2\/pages\/21397\/revisions\/21399"}],"up":[{"embeddable":true,"href":"https:\/\/www.kowi-salzburg.at\/en\/wp-json\/wp\/v2\/pages\/14563"}],"wp:attachment":[{"href":"https:\/\/www.kowi-salzburg.at\/en\/wp-json\/wp\/v2\/media?parent=21397"}],"curies":[{"name":"wp","href":"https:\/\/api.w.org\/{rel}","templated":true}]}}